{"id":225,"date":"2017-03-15T05:42:34","date_gmt":"2017-03-15T05:42:34","guid":{"rendered":"https:\/\/smartdata.tonytemplates.com\/car-repair-service-v4-services\/?page_id=225"},"modified":"2024-05-05T07:37:09","modified_gmt":"2024-05-05T07:37:09","slug":"faq","status":"publish","type":"page","link":"https:\/\/superfix.ae\/fr\/faq\/","title":{"rendered":"FAQ"},"content":{"rendered":"<div data-elementor-type=\"wp-page\" data-elementor-id=\"225\" class=\"elementor elementor-225\" data-elementor-post-type=\"page\">\n\t\t\t\t\t\t<section class=\"elementor-section elementor-top-section elementor-element elementor-element-2e3b5b4 block elementor-section-boxed elementor-section-height-default elementor-section-height-default\" data-id=\"2e3b5b4\" data-element_type=\"section\">\n\t\t\t\t\t\t<div class=\"elementor-container elementor-column-gap-no\">\n\t\t\t\t\t<div class=\"elementor-column elementor-col-50 elementor-top-column elementor-element elementor-element-44ec156\" data-id=\"44ec156\" data-element_type=\"column\">\n\t\t\t<div class=\"elementor-widget-wrap elementor-element-populated\">\n\t\t\t\t\t\t<div class=\"elementor-element elementor-element-ac62eb9 elementor-widget elementor-widget-crs_accordian\" data-id=\"ac62eb9\" data-element_type=\"widget\" data-widget_type=\"crs_accordian.default\">\n\t\t\t\t<div class=\"elementor-widget-container\">\n\t\t\t\t\t\t<div class=\"faq-accordion\">\n\t\t\t\t\t\t\t<div class=\"faq__item\">\n\t\t\t\t\t<div class=\"faq__title\">\n\t\t\t\tCombien de temps faudra-t-il pour effectuer les r\u00e9parations ?\t\t\t\t\t\t<div class=\"icon\"><\/div>\n\t\t\t\t\t<\/div>\n\t\t\t\t\t<div class=\"faq__content\">\n\t\t\t\t\t<p>La dur\u00e9e des r\u00e9parations peut varier consid\u00e9rablement en fonction de la nature du probl\u00e8me et de la disponibilit\u00e9 des pi\u00e8ces. En r\u00e8gle g\u00e9n\u00e9rale, les r\u00e9parations les plus simples peuvent prendre quelques heures, tandis que les probl\u00e8mes plus complexes peuvent prendre plusieurs jours. Il est pr\u00e9f\u00e9rable de consulter directement le prestataire de services pour obtenir une estimation plus pr\u00e9cise en fonction de votre situation sp\u00e9cifique.<\/p>\t\t\t\t\t<\/div>\n\t\t\t\t<\/div>\n\t\t\t\t\t\t\t\t<div class=\"faq__item\">\n\t\t\t\t\t<div class=\"faq__title\">\n\t\t\t\tCombien cela co\u00fbtera-t-il ?\t\t\t\t\t\t<div class=\"icon\"><\/div>\n\t\t\t\t\t<\/div>\n\t\t\t\t\t<div class=\"faq__content\">\n\t\t\t\t\t<p>Le co\u00fbt des r\u00e9parations peut varier consid\u00e9rablement en fonction du type d'appareil, de la complexit\u00e9 du probl\u00e8me et des pi\u00e8ces n\u00e9cessaires. Pour obtenir un devis pr\u00e9cis, il est conseill\u00e9 de consulter directement le service de r\u00e9paration apr\u00e8s avoir \u00e9valu\u00e9 les dommages. Il propose g\u00e9n\u00e9ralement un service de diagnostic pour d\u00e9terminer le probl\u00e8me exact et fournir une estimation pr\u00e9cise des co\u00fbts.<\/p>\t\t\t\t\t<\/div>\n\t\t\t\t<\/div>\n\t\t\t\t\t\t\t\t<div class=\"faq__item\">\n\t\t\t\t\t<div class=\"faq__title\">\n\t\t\t\tMa voiture a des rat\u00e9s. Ai-je besoin d'une mise au point ?\t\t\t\t\t\t<div class=\"icon\"><\/div>\n\t\t\t\t\t<\/div>\n\t\t\t\t\t<div class=\"faq__content\">\n\t\t\t\t\t<p>Si votre voiture fonctionne mal, c'est peut-\u00eatre le signe qu'elle a besoin d'une mise au point. Une mise au point comprend g\u00e9n\u00e9ralement le contr\u00f4le et le remplacement \u00e9ventuel des bougies d'allumage, des filtres \u00e0 air et \u00e0 carburant, ainsi que l'inspection du syst\u00e8me d'allumage et du syst\u00e8me antipollution. Il est \u00e9galement conseill\u00e9 de v\u00e9rifier les codes d'erreur du syst\u00e8me informatique du moteur afin d'identifier tout probl\u00e8me sp\u00e9cifique. Je vous recommande d'emmener votre voiture chez un m\u00e9canicien pour qu'il \u00e9tablisse un diagnostic afin de d\u00e9terminer ce qui doit faire l'objet d'une attention particuli\u00e8re.<\/p>\t\t\t\t\t<\/div>\n\t\t\t\t<\/div>\n\t\t\t\t\t\t\t\t<div class=\"faq__item\">\n\t\t\t\t\t<div class=\"faq__title\">\n\t\t\t\tL'inspection de ma voiture est-elle payante ?\t\t\t\t\t\t<div class=\"icon\"><\/div>\n\t\t\t\t\t<\/div>\n\t\t\t\t\t<div class=\"faq__content\">\n\t\t\t\t\t<div class=\"flex-1 overflow-hidden\"><div class=\"react-scroll-to-bottom--css-zgkpq-79elbk h-full\"><div class=\"react-scroll-to-bottom--css-zgkpq-1n7m0yu\"><div><div class=\"flex flex-col text-sm pb-9\"><div class=\"w-full text-token-text-primary\" dir=\"auto\" data-testid=\"conversation-turn-11\" data-scroll-anchor=\"true\"><div class=\"py-2 px-3 text-base md:px-4 m-auto md:px-5 lg:px-1 xl:px-5\"><div class=\"mx-auto flex flex-1 gap-3 text-base juice:gap-4 juice:md:gap-6 md:max-w-3xl lg:max-w-[40rem] xl:max-w-[48rem]\"><div class=\"relative flex w-full min-w-0 flex-col agent-turn\"><div class=\"flex-col gap-1 md:gap-3\"><div class=\"flex flex-grow flex-col max-w-full\"><div class=\"min-h-[20px] text-message flex flex-col items-start whitespace-pre-wrap break-words [.text-message+&amp;]:mt-5 overflow-x-auto gap-3\" dir=\"auto\" data-message-author-role=\"assistant\" data-message-id=\"d4f612b4-baf0-46fc-a2aa-2cdc472ed63f\"><div class=\"markdown prose w-full break-words dark:prose-invert light\"><p>L'inspection initiale dans nos ateliers est gratuite. Toutefois, les inspections externes sont soumises \u00e0 des frais qui d\u00e9pendent du lieu et qui seront d\u00e9duits de la facture une fois la r\u00e9paration effectu\u00e9e.<\/p><\/div><\/div><\/div><\/div><\/div><\/div><\/div><\/div><\/div><\/div><\/div><\/div><\/div>\t\t\t\t\t<\/div>\n\t\t\t\t<\/div>\n\t\t\t\t\t\t\t\t<div class=\"faq__item\">\n\t\t\t\t\t<div class=\"faq__title\">\n\t\t\t\tDois-je prendre rendez-vous pour une r\u00e9paration ?\t\t\t\t\t\t<div class=\"icon\"><\/div>\n\t\t\t\t\t<\/div>\n\t\t\t\t\t<div class=\"faq__content\">\n\t\t\t\t\t<p>Pour les r\u00e9parations mineures, il n'est peut-\u00eatre pas n\u00e9cessaire de prendre un rendez-vous, mais vous pouvez nous contacter pour en fixer un afin d'assurer un service plus rapide.<\/p>\t\t\t\t\t<\/div>\n\t\t\t\t<\/div>\n\t\t\t\t\t\t\t\t<div class=\"faq__item\">\n\t\t\t\t\t<div class=\"faq__title\">\n\t\t\t\tQuelles cartes de cr\u00e9dit prenez-vous ?\t\t\t\t\t\t<div class=\"icon\"><\/div>\n\t\t\t\t\t<\/div>\n\t\t\t\t\t<div class=\"faq__content\">\n\t\t\t\t\t<p>Nous acceptons les cartes Visa et MasterCard, ainsi que les virements bancaires et les paiements en esp\u00e8ces. Nous acceptons \u00e9galement les cartes de cr\u00e9dit et de d\u00e9bit.<\/p>\t\t\t\t\t<\/div>\n\t\t\t\t<\/div>\n\t\t\t\t\t\t\t<\/div>\n\t\t\t\t<\/div>\n\t\t\t\t<\/div>\n\t\t\t\t\t<\/div>\n\t\t<\/div>\n\t\t\t\t<div class=\"elementor-column elementor-col-50 elementor-top-column elementor-element elementor-element-643ddda\" data-id=\"643ddda\" data-element_type=\"column\">\n\t\t\t<div class=\"elementor-widget-wrap elementor-element-populated\">\n\t\t\t\t\t\t<div class=\"elementor-element elementor-element-21a7ba4 elementor-widget elementor-widget-crs_accordian\" data-id=\"21a7ba4\" data-element_type=\"widget\" data-widget_type=\"crs_accordian.default\">\n\t\t\t\t<div class=\"elementor-widget-container\">\n\t\t\t\t\t\t<div class=\"faq-accordion\">\n\t\t\t\t\t\t\t<div class=\"faq__item\">\n\t\t\t\t\t<div class=\"faq__title\">\n\t\t\t\tPourquoi ma voiture a-t-elle besoin d'un entretien si elle fonctionne bien ?\t\t\t\t\t\t<div class=\"icon\"><\/div>\n\t\t\t\t\t<\/div>\n\t\t\t\t\t<div class=\"faq__content\">\n\t\t\t\t\t<p>L'entretien r\u00e9gulier est essentiel, m\u00eame si votre voiture semble fonctionner correctement. Il permet de s'assurer que votre v\u00e9hicule reste en bon \u00e9tat, de pr\u00e9venir les probl\u00e8mes futurs et de prolonger sa dur\u00e9e de vie. Des contr\u00f4les r\u00e9guliers permettent d'identifier l'usure \u00e0 un stade pr\u00e9coce, ce qui r\u00e9duit les co\u00fbts de r\u00e9paration et pr\u00e9serve les performances. En outre, l'entretien de votre voiture conform\u00e9ment aux recommandations du constructeur garantit un fonctionnement s\u00fbr et efficace, et peut \u00e9galement pr\u00e9server sa valeur de revente.<\/p>\t\t\t\t\t<\/div>\n\t\t\t\t<\/div>\n\t\t\t\t\t\t\t\t<div class=\"faq__item\">\n\t\t\t\t\t<div class=\"faq__title\">\n\t\t\t\tQue se passera-t-il si je ne fais pas effectuer les r\u00e9parations imm\u00e9diatement ?\t\t\t\t\t\t<div class=\"icon\"><\/div>\n\t\t\t\t\t<\/div>\n\t\t\t\t\t<div class=\"faq__content\">\n\t\t\t\t\t<p>\u00a0<\/p><p>1. Aggravation des probl\u00e8mes : Les petits probl\u00e8mes peuvent se transformer en probl\u00e8mes plus graves, pouvant entra\u00eener des r\u00e9parations plus importantes et plus co\u00fbteuses.<br \/>2. Risques pour la s\u00e9curit\u00e9 : Ignorer les r\u00e9parations peut compromettre la s\u00e9curit\u00e9 de votre v\u00e9hicule et rendre sa conduite dangereuse.<br \/>3. Efficacit\u00e9 r\u00e9duite : Votre voiture peut fonctionner de mani\u00e8re moins efficace, en consommant \u00e9ventuellement plus de carburant et en offrant de moins bonnes performances.<br \/>4. Risque accru de panne : le risque que votre voiture tombe en panne de mani\u00e8re inattendue augmente, ce qui peut s'av\u00e9rer g\u00eanant et co\u00fbteux.<br \/>5. Valeur de revente : L'\u00e9tat g\u00e9n\u00e9ral et la valeur de votre voiture peuvent se d\u00e9grader, ce qui affecte sa valeur de revente.<\/p>\t\t\t\t\t<\/div>\n\t\t\t\t<\/div>\n\t\t\t\t\t\t\t\t<div class=\"faq__item\">\n\t\t\t\t\t<div class=\"faq__title\">\n\t\t\t\tQue dois-je faire lorsque les voyants de contr\u00f4le du moteur s'allument ?\t\t\t\t\t\t<div class=\"icon\"><\/div>\n\t\t\t\t\t<\/div>\n\t\t\t\t\t<div class=\"faq__content\">\n\t\t\t\t\t<p>Lorsque le voyant de contr\u00f4le du moteur s'allume, v\u00e9rifiez d'abord si d'autres voyants sont \u00e9galement allum\u00e9s. Si ce n'est pas le cas, assurez-vous que le bouchon du r\u00e9servoir d'essence est bien serr\u00e9, car un bouchon mal fix\u00e9 peut d\u00e9clencher ce voyant. Si le voyant reste allum\u00e9, il est pr\u00e9f\u00e9rable de faire v\u00e9rifier votre voiture par un professionnel afin de diagnostiquer le probl\u00e8me et d'\u00e9viter d'autres probl\u00e8mes.<\/p>\t\t\t\t\t<\/div>\n\t\t\t\t<\/div>\n\t\t\t\t\t\t\t\t<div class=\"faq__item\">\n\t\t\t\t\t<div class=\"faq__title\">\n\t\t\t\t\u00c0 quelle fr\u00e9quence dois-je faire v\u00e9rifier mes freins ?\t\t\t\t\t\t<div class=\"icon\"><\/div>\n\t\t\t\t\t<\/div>\n\t\t\t\t\t<div class=\"faq__content\">\n\t\t\t\t\t<p>Il est conseill\u00e9 de faire v\u00e9rifier vos freins au moins une fois par an ou tous les 12 000 miles, selon ce qui se produit en premier. Toutefois, si vous conduisez souvent dans des conditions de circulation difficiles, vous devrez peut-\u00eatre les v\u00e9rifier plus souvent. De plus, si vous remarquez des probl\u00e8mes tels que des bruits de grincement, une p\u00e9dale de frein spongieuse ou des distances de freinage plus longues, vous devriez les faire inspecter imm\u00e9diatement.<\/p>\t\t\t\t\t<\/div>\n\t\t\t\t<\/div>\n\t\t\t\t\t\t\t\t<div class=\"faq__item\">\n\t\t\t\t\t<div class=\"faq__title\">\n\t\t\t\tDe quel type de filtre \u00e0 huile ai-je besoin ?\t\t\t\t\t\t<div class=\"icon\"><\/div>\n\t\t\t\t\t<\/div>\n\t\t\t\t\t<div class=\"faq__content\">\n\t\t\t\t\t<p>Le type de filtre \u00e0 huile dont vous avez besoin d\u00e9pend de la marque, du mod\u00e8le et des caract\u00e9ristiques du moteur de votre voiture. Il est important d'utiliser le bon filtre pour garantir une lubrification et des performances correctes du moteur. Vous trouverez le type de filtre \u00e0 huile recommand\u00e9 dans le manuel du propri\u00e9taire de votre v\u00e9hicule ou en consultant un m\u00e9canicien professionnel. Les magasins de pi\u00e8ces d\u00e9tach\u00e9es peuvent \u00e9galement vous aider \u00e0 trouver le bon filtre en fonction des informations relatives \u00e0 votre v\u00e9hicule.<\/p>\t\t\t\t\t<\/div>\n\t\t\t\t<\/div>\n\t\t\t\t\t\t\t\t<div class=\"faq__item\">\n\t\t\t\t\t<div class=\"faq__title\">\n\t\t\t\tAi-je vraiment besoin de pneus d'hiver ?\t\t\t\t\t\t<div class=\"icon\"><\/div>\n\t\t\t\t\t<\/div>\n\t\t\t\t\t<div class=\"faq__content\">\n\t\t\t\t\t<p>La n\u00e9cessit\u00e9 d'utiliser des pneus d'hiver d\u00e9pend de votre climat et de vos conditions de conduite. Si vous vivez dans une r\u00e9gion o\u00f9 les hivers sont rudes et o\u00f9 il y a r\u00e9guli\u00e8rement de la neige et du verglas, les pneus d'hiver sont fortement recommand\u00e9s. Ils sont con\u00e7us pour offrir une meilleure traction, une meilleure tenue de route et un meilleur freinage dans le froid, la neige et le verglas que les pneus toutes saisons. Si l'hiver est doux dans votre r\u00e9gion, des pneus toutes saisons peuvent suffire. Cependant, pour une s\u00e9curit\u00e9 et des performances optimales du v\u00e9hicule dans des conditions hivernales, les pneus d'hiver sont le meilleur choix.<\/p>\t\t\t\t\t<\/div>\n\t\t\t\t<\/div>\n\t\t\t\t\t\t\t<\/div>\n\t\t\t\t<\/div>\n\t\t\t\t<\/div>\n\t\t\t\t\t<\/div>\n\t\t<\/div>\n\t\t\t\t\t<\/div>\n\t\t<\/section>\n\t\t\t\t<section class=\"elementor-section elementor-top-section elementor-element elementor-element-59f9664 elementor-section-stretched elementor-section-full_width elementor-section-height-default elementor-section-height-default\" data-id=\"59f9664\" data-element_type=\"section\" data-settings=\"{&quot;stretch_section&quot;:&quot;section-stretched&quot;}\">\n\t\t\t\t\t\t<div class=\"elementor-container elementor-column-gap-default\">\n\t\t\t\t\t<div class=\"elementor-column elementor-col-100 elementor-top-column elementor-element elementor-element-1e922ba\" data-id=\"1e922ba\" data-element_type=\"column\">\n\t\t\t<div class=\"elementor-widget-wrap elementor-element-populated\">\n\t\t\t\t\t\t<div class=\"elementor-element elementor-element-e893fa0 elementor-widget elementor-widget-car_question_Form\" data-id=\"e893fa0\" data-element_type=\"widget\" data-widget_type=\"car_question_Form.default\">\n\t\t\t\t<div class=\"elementor-widget-container\">\n\t\t\t\n        <div class=\"block\">\n\t\t\t<div class=\"container\">\n\t\t\t<div class=\"block-title\">\n\t\t\t\t<h2 class=\"block-title__title\">Vous avez une question sur les r\u00e9parations automobiles ?<\/h2>\n\t\t\t\t<div class=\"block-title__description\">\n\t\t\t\tUn m\u00e9canicien r\u00e9pond \u00e0 vos questions sur l'automobile\t\t\t\t<\/div>\n\t\t\t\t<div class=\"title-separator\"><\/div>\n\t\t\t<\/div>\n\t\t\t\n<div class=\"wpcf7 no-js\" id=\"wpcf7-f2220-o1\" lang=\"en-US\" dir=\"ltr\" data-wpcf7-id=\"2220\">\n<div class=\"screen-reader-response\"><p role=\"status\" aria-live=\"polite\" aria-atomic=\"true\"><\/p> <ul><\/ul><\/div>\n<form action=\"\/fr\/wp-json\/wp\/v2\/pages\/225#wpcf7-f2220-o1\" method=\"post\" class=\"wpcf7-form init\" aria-label=\"Formulaire de contact\" novalidate=\"novalidate\" data-status=\"init\" data-trp-original-action=\"\/fr\/wp-json\/wp\/v2\/pages\/225#wpcf7-f2220-o1\">\n<div style=\"display: none;\">\n<input type=\"hidden\" name=\"_wpcf7\" value=\"2220\" \/>\n<input type=\"hidden\" name=\"_wpcf7_version\" value=\"6.0.6\" \/>\n<input type=\"hidden\" name=\"_wpcf7_locale\" value=\"en_US\" \/>\n<input type=\"hidden\" name=\"_wpcf7_unit_tag\" value=\"wpcf7-f2220-o1\" \/>\n<input type=\"hidden\" name=\"_wpcf7_container_post\" value=\"0\" \/>\n<input type=\"hidden\" name=\"_wpcf7_posted_data_hash\" value=\"\" \/>\n<\/div>\n<div class=\"contact-form form-default\">\n\t<div class=\"custom-width-01\">\n\t\t<div class=\"row\">\n\t\t\t<div class=\"col-md-6\">\n\t\t\t\t<div class=\"input-wrapper\">\n\t\t\t\t\t<p><span class=\"wpcf7-form-control-wrap\" data-name=\"your-name\"><input size=\"40\" maxlength=\"400\" class=\"wpcf7-form-control wpcf7-text wpcf7-validates-as-required form-control input-full\" aria-required=\"true\" aria-invalid=\"false\" placeholder=\"Votre nom\" value=\"\" type=\"text\" name=\"your-name\" \/><\/span>\n\t\t\t\t\t<\/p>\n\t\t\t\t<\/div>\n\t\t\t<\/div>\n\t\t\t<div class=\"col-md-6\">\n\t\t\t\t<div class=\"input-wrapper\">\n\t\t\t\t\t<p><span class=\"wpcf7-form-control-wrap\" data-name=\"your-email\"><input size=\"40\" maxlength=\"400\" class=\"wpcf7-form-control wpcf7-email wpcf7-validates-as-required wpcf7-text wpcf7-validates-as-email form-control input-full\" aria-required=\"true\" aria-invalid=\"false\" placeholder=\"address@youremail.com\" value=\"\" type=\"email\" name=\"your-email\" \/><\/span>\n\t\t\t\t\t<\/p>\n\t\t\t\t<\/div>\n\t\t\t<\/div>\n\t\t\t<div class=\"col-sm-12\">\n\t\t\t\t<div class=\"input-wrapper\">\n\t\t\t\t\t<p><span class=\"wpcf7-form-control-wrap\" data-name=\"your-message\"><textarea cols=\"40\" rows=\"10\" maxlength=\"2000\" class=\"wpcf7-form-control wpcf7-textarea textarea-custom input-full form-control\" aria-invalid=\"false\" placeholder=\"Votre question...\" name=\"your-message\"><\/textarea><\/span>\n\t\t\t\t\t<\/p>\n\t\t\t\t<\/div>\n\t\t\t<\/div>\n\t\t\t<div class=\"col-sm-12 text-center\">\n\t\t\t\t<div class=\"divider-sm\">\n\t\t\t\t<\/div>\n\t\t\t\t<div>\n\t\t\t\t\t<p><button type=\"submit\" id=\"submit-contact\" class=\"btn btn-wide btn-border btn-invert wpcf7-form-control wpcf7-submit\"><span>Poser une question<\/span><\/button>\n\t\t\t\t\t<\/p>\n\t\t\t\t<\/div>\n\t\t\t<\/div>\n\t\t<\/div>\n\t<\/div>\n<\/div><p style=\"display: none !important;\" class=\"akismet-fields-container\" data-prefix=\"_wpcf7_ak_\"><label>&#916;<textarea name=\"_wpcf7_ak_hp_textarea\" cols=\"45\" rows=\"8\" maxlength=\"100\"><\/textarea><\/label><input type=\"hidden\" id=\"ak_js_1\" name=\"_wpcf7_ak_js\" value=\"30\"\/><script>document.getElementById( \"ak_js_1\" ).setAttribute( \"value\", ( new Date() ).getTime() );<\/script><\/p><div class=\"wpcf7-response-output\" aria-hidden=\"true\"><\/div>\n<input type=\"hidden\" name=\"trp-form-language\" value=\"fr\"\/><\/form>\n<\/div>\n\t\t\t<\/div>\n\t\t<\/div>\n\t\t<!-- Recalls Block -->\n\t\t\t\t<\/div>\n\t\t\t\t<\/div>\n\t\t\t\t\t<\/div>\n\t\t<\/div>\n\t\t\t\t\t<\/div>\n\t\t<\/section>\n\t\t\t\t<\/div>","protected":false},"excerpt":{"rendered":"<p>Combien de temps faudra-t-il pour effectuer les r\u00e9parations ? La dur\u00e9e des r\u00e9parations peut varier consid\u00e9rablement en fonction de la nature du probl\u00e8me et de la disponibilit\u00e9 des pi\u00e8ces. En r\u00e8gle g\u00e9n\u00e9rale, les r\u00e9parations les plus simples peuvent prendre quelques heures, tandis que les probl\u00e8mes plus complexes peuvent prendre plusieurs jours. Il est pr\u00e9f\u00e9rable de consulter directement le fournisseur de services pour obtenir une [...]<\/p>","protected":false},"author":1,"featured_media":0,"parent":0,"menu_order":0,"comment_status":"closed","ping_status":"closed","template":"","meta":{"om_disable_all_campaigns":false,"_monsterinsights_skip_tracking":false,"_monsterinsights_sitenote_active":false,"_monsterinsights_sitenote_note":"","_monsterinsights_sitenote_category":0,"_joinchat":[],"footnotes":""},"class_list":["post-225","page","type-page","status-publish","hentry"],"yoast_head":"<!-- This site is optimized with the Yoast SEO Premium plugin v25.0 (Yoast SEO v25.0) - https:\/\/yoast.com\/wordpress\/plugins\/seo\/ -->\n<title>FAQ - superfix.ae<\/title>\n<meta name=\"robots\" content=\"index, follow, max-snippet:-1, max-image-preview:large, max-video-preview:-1\" \/>\n<link rel=\"canonical\" href=\"https:\/\/superfix.ae\/fr\/faq\/\" \/>\n<meta property=\"og:locale\" content=\"fr_FR\" \/>\n<meta property=\"og:type\" content=\"article\" \/>\n<meta property=\"og:title\" content=\"FAQ\" \/>\n<meta property=\"og:description\" content=\"How long will it take to complete the repairs? The duration of repairs can vary widely depending on the nature of the issue and the availability of parts. Typically, simpler repairs might take a few hours, while more complex problems could take several days. It&#8217;s best to consult directly with the service provider for a [&hellip;]\" \/>\n<meta property=\"og:url\" content=\"https:\/\/superfix.ae\/fr\/faq\/\" \/>\n<meta property=\"og:site_name\" content=\"superfix.ae\" \/>\n<meta property=\"article:modified_time\" content=\"2024-05-05T07:37:09+00:00\" \/>\n<meta name=\"twitter:card\" content=\"summary_large_image\" \/>\n<meta name=\"twitter:label1\" content=\"Dur\u00e9e de lecture estim\u00e9e\" \/>\n\t<meta name=\"twitter:data1\" content=\"4 minutes\" \/>\n<script type=\"application\/ld+json\" class=\"yoast-schema-graph\">{\"@context\":\"https:\/\/schema.org\",\"@graph\":[{\"@type\":\"WebPage\",\"@id\":\"https:\/\/superfix.ae\/faq\/\",\"url\":\"https:\/\/superfix.ae\/faq\/\",\"name\":\"FAQ - superfix.ae\",\"isPartOf\":{\"@id\":\"https:\/\/superfix.ae\/#website\"},\"datePublished\":\"2017-03-15T05:42:34+00:00\",\"dateModified\":\"2024-05-05T07:37:09+00:00\",\"breadcrumb\":{\"@id\":\"https:\/\/superfix.ae\/faq\/#breadcrumb\"},\"inLanguage\":\"fr-FR\",\"potentialAction\":[{\"@type\":\"ReadAction\",\"target\":[\"https:\/\/superfix.ae\/faq\/\"]}]},{\"@type\":\"BreadcrumbList\",\"@id\":\"https:\/\/superfix.ae\/faq\/#breadcrumb\",\"itemListElement\":[{\"@type\":\"ListItem\",\"position\":1,\"name\":\"Home\",\"item\":\"https:\/\/superfix.ae\/\"},{\"@type\":\"ListItem\",\"position\":2,\"name\":\"FAQ\"}]},{\"@type\":\"WebSite\",\"@id\":\"https:\/\/superfix.ae\/#website\",\"url\":\"https:\/\/superfix.ae\/\",\"name\":\"superfix.ae\",\"description\":\"superfixautocenters\",\"potentialAction\":[{\"@type\":\"SearchAction\",\"target\":{\"@type\":\"EntryPoint\",\"urlTemplate\":\"https:\/\/superfix.ae\/?s={search_term_string}\"},\"query-input\":{\"@type\":\"PropertyValueSpecification\",\"valueRequired\":true,\"valueName\":\"search_term_string\"}}],\"inLanguage\":\"fr-FR\"}]}<\/script>\n<!-- \/ Yoast SEO Premium plugin. -->","yoast_head_json":{"title":"FAQ - superfix.ae","robots":{"index":"index","follow":"follow","max-snippet":"max-snippet:-1","max-image-preview":"max-image-preview:large","max-video-preview":"max-video-preview:-1"},"canonical":"https:\/\/superfix.ae\/fr\/faq\/","og_locale":"fr_FR","og_type":"article","og_title":"FAQ","og_description":"How long will it take to complete the repairs? The duration of repairs can vary widely depending on the nature of the issue and the availability of parts. Typically, simpler repairs might take a few hours, while more complex problems could take several days. It&#8217;s best to consult directly with the service provider for a [&hellip;]","og_url":"https:\/\/superfix.ae\/fr\/faq\/","og_site_name":"superfix.ae","article_modified_time":"2024-05-05T07:37:09+00:00","twitter_card":"summary_large_image","twitter_misc":{"Dur\u00e9e de lecture estim\u00e9e":"4 minutes"},"schema":{"@context":"https:\/\/schema.org","@graph":[{"@type":"WebPage","@id":"https:\/\/superfix.ae\/faq\/","url":"https:\/\/superfix.ae\/faq\/","name":"FAQ - superfix.ae","isPartOf":{"@id":"https:\/\/superfix.ae\/#website"},"datePublished":"2017-03-15T05:42:34+00:00","dateModified":"2024-05-05T07:37:09+00:00","breadcrumb":{"@id":"https:\/\/superfix.ae\/faq\/#breadcrumb"},"inLanguage":"fr-FR","potentialAction":[{"@type":"ReadAction","target":["https:\/\/superfix.ae\/faq\/"]}]},{"@type":"BreadcrumbList","@id":"https:\/\/superfix.ae\/faq\/#breadcrumb","itemListElement":[{"@type":"ListItem","position":1,"name":"Home","item":"https:\/\/superfix.ae\/"},{"@type":"ListItem","position":2,"name":"FAQ"}]},{"@type":"WebSite","@id":"https:\/\/superfix.ae\/#website","url":"https:\/\/superfix.ae\/","name":"superfix.ae","description":"superfixautocenters","potentialAction":[{"@type":"SearchAction","target":{"@type":"EntryPoint","urlTemplate":"https:\/\/superfix.ae\/?s={search_term_string}"},"query-input":{"@type":"PropertyValueSpecification","valueRequired":true,"valueName":"search_term_string"}}],"inLanguage":"fr-FR"}]}},"jetpack_sharing_enabled":true,"_links":{"self":[{"href":"https:\/\/superfix.ae\/fr\/wp-json\/wp\/v2\/pages\/225","targetHints":{"allow":["GET"]}}],"collection":[{"href":"https:\/\/superfix.ae\/fr\/wp-json\/wp\/v2\/pages"}],"about":[{"href":"https:\/\/superfix.ae\/fr\/wp-json\/wp\/v2\/types\/page"}],"author":[{"embeddable":true,"href":"https:\/\/superfix.ae\/fr\/wp-json\/wp\/v2\/users\/1"}],"replies":[{"embeddable":true,"href":"https:\/\/superfix.ae\/fr\/wp-json\/wp\/v2\/comments?post=225"}],"version-history":[{"count":6,"href":"https:\/\/superfix.ae\/fr\/wp-json\/wp\/v2\/pages\/225\/revisions"}],"predecessor-version":[{"id":3044,"href":"https:\/\/superfix.ae\/fr\/wp-json\/wp\/v2\/pages\/225\/revisions\/3044"}],"wp:attachment":[{"href":"https:\/\/superfix.ae\/fr\/wp-json\/wp\/v2\/media?parent=225"}],"curies":[{"name":"wp","href":"https:\/\/api.w.org\/{rel}","templated":true}]}}